{"id":395,"date":"2019-03-11T21:44:33","date_gmt":"2019-03-11T21:44:33","guid":{"rendered":"http:\/\/www.chazconsultants.com\/?page_id=395"},"modified":"2019-03-12T02:00:09","modified_gmt":"2019-03-12T02:00:09","slug":"pourquoi","status":"publish","type":"page","link":"https:\/\/www.chazconsultants.com\/fr\/pourquoi\/","title":{"rendered":"Pourquoi choisir Chaz Consultants?"},"content":{"rendered":"\n<p>Que vous ayez besoin de documents commerciaux imprim\u00e9s ou de produits promotionnels personnalis\u00e9s, Chaz Consultants est un fournisseur de services complets d\u2019imprimerie et de produits promotionnels pouvant r\u00e9pondre \u00e0 tous vos besoins en un simple appel t\u00e9l\u00e9phonique ou par courrier \u00e9lectronique.<\/p>\n","protected":false},"excerpt":{"rendered":"<p>Que vous ayez besoin de documents commerciaux imprim\u00e9s ou de produits promotionnels personnalis\u00e9s, Chaz Consultants est un fournisseur de services complets d\u2019imprimerie et de produits promotionnels pouvant r\u00e9pondre \u00e0 tous vos besoins en un simple appel t\u00e9l\u00e9phonique ou par courrier \u00e9lectronique.<\/p>\n","protected":false},"author":1,"featured_media":0,"parent":0,"menu_order":0,"comment_status":"closed","ping_status":"closed","template":"","meta":[],"yoast_head":"<!-- This site is optimized with the Yoast SEO plugin v18.3 - https:\/\/yoast.com\/wordpress\/plugins\/seo\/ -->\n<title>Pourquoi nous choisir<\/title>\n<meta name=\"description\" content=\"D\u00e9couvrez pourquoi Chaz Consultants est la meilleure entreprise pour r\u00e9pondre aux besoins d&#039;impression et de promotion de votre entreprise.\" \/>\n<meta name=\"robots\" content=\"index, follow, max-snippet:-1, max-image-preview:large, max-video-preview:-1\" \/>\n<link rel=\"canonical\" href=\"https:\/\/www.chazconsultants.com\/fr\/pourquoi\/\" \/>\n<meta property=\"og:locale\" content=\"fr_CA\" \/>\n<meta property=\"og:type\" content=\"article\" \/>\n<meta property=\"og:title\" content=\"Pourquoi nous choisir\" \/>\n<meta property=\"og:description\" content=\"D\u00e9couvrez pourquoi Chaz Consultants est la meilleure entreprise pour r\u00e9pondre aux besoins d&#039;impression et de promotion de votre entreprise.\" \/>\n<meta property=\"og:url\" content=\"https:\/\/www.chazconsultants.com\/fr\/pourquoi\/\" \/>\n<meta property=\"og:site_name\" content=\"Chaz Consultants\" \/>\n<meta property=\"article:modified_time\" content=\"2019-03-12T02:00:09+00:00\" \/>\n<meta name=\"twitter:card\" content=\"summary_large_image\" \/>\n<script type=\"application\/ld+json\" class=\"yoast-schema-graph\">{\"@context\":\"https:\/\/schema.org\",\"@graph\":[{\"@type\":\"WebSite\",\"@id\":\"https:\/\/www.chazconsultants.com\/#website\",\"url\":\"https:\/\/www.chazconsultants.com\/\",\"name\":\"Chaz Consultants\",\"description\":\"\",\"potentialAction\":[{\"@type\":\"SearchAction\",\"target\":{\"@type\":\"EntryPoint\",\"urlTemplate\":\"https:\/\/www.chazconsultants.com\/?s={search_term_string}\"},\"query-input\":\"required name=search_term_string\"}],\"inLanguage\":\"fr-FR\"},{\"@type\":\"WebPage\",\"@id\":\"https:\/\/www.chazconsultants.com\/fr\/pourquoi\/#webpage\",\"url\":\"https:\/\/www.chazconsultants.com\/fr\/pourquoi\/\",\"name\":\"Pourquoi nous choisir\",\"isPartOf\":{\"@id\":\"https:\/\/www.chazconsultants.com\/#website\"},\"datePublished\":\"2019-03-11T21:44:33+00:00\",\"dateModified\":\"2019-03-12T02:00:09+00:00\",\"description\":\"D\u00e9couvrez pourquoi Chaz Consultants est la meilleure entreprise pour r\u00e9pondre aux besoins d'impression et de promotion de votre entreprise.\",\"breadcrumb\":{\"@id\":\"https:\/\/www.chazconsultants.com\/fr\/pourquoi\/#breadcrumb\"},\"inLanguage\":\"fr-FR\",\"potentialAction\":[{\"@type\":\"ReadAction\",\"target\":[\"https:\/\/www.chazconsultants.com\/fr\/pourquoi\/\"]}]},{\"@type\":\"BreadcrumbList\",\"@id\":\"https:\/\/www.chazconsultants.com\/fr\/pourquoi\/#breadcrumb\",\"itemListElement\":[{\"@type\":\"ListItem\",\"position\":1,\"name\":\"Home\",\"item\":\"https:\/\/www.chazconsultants.com\/fr\/\"},{\"@type\":\"ListItem\",\"position\":2,\"name\":\"Pourquoi choisir Chaz Consultants?\"}]}]}<\/script>\n<!-- \/ Yoast SEO plugin. -->","yoast_head_json":{"title":"Pourquoi nous choisir","description":"D\u00e9couvrez pourquoi Chaz Consultants est la meilleure entreprise pour r\u00e9pondre aux besoins d'impression et de promotion de votre entreprise.","robots":{"index":"index","follow":"follow","max-snippet":"max-snippet:-1","max-image-preview":"max-image-preview:large","max-video-preview":"max-video-preview:-1"},"canonical":"https:\/\/www.chazconsultants.com\/fr\/pourquoi\/","og_locale":"fr_CA","og_type":"article","og_title":"Pourquoi nous choisir","og_description":"D\u00e9couvrez pourquoi Chaz Consultants est la meilleure entreprise pour r\u00e9pondre aux besoins d'impression et de promotion de votre entreprise.","og_url":"https:\/\/www.chazconsultants.com\/fr\/pourquoi\/","og_site_name":"Chaz Consultants","article_modified_time":"2019-03-12T02:00:09+00:00","twitter_card":"summary_large_image","schema":{"@context":"https:\/\/schema.org","@graph":[{"@type":"WebSite","@id":"https:\/\/www.chazconsultants.com\/#website","url":"https:\/\/www.chazconsultants.com\/","name":"Chaz Consultants","description":"","potentialAction":[{"@type":"SearchAction","target":{"@type":"EntryPoint","urlTemplate":"https:\/\/www.chazconsultants.com\/?s={search_term_string}"},"query-input":"required name=search_term_string"}],"inLanguage":"fr-FR"},{"@type":"WebPage","@id":"https:\/\/www.chazconsultants.com\/fr\/pourquoi\/#webpage","url":"https:\/\/www.chazconsultants.com\/fr\/pourquoi\/","name":"Pourquoi nous choisir","isPartOf":{"@id":"https:\/\/www.chazconsultants.com\/#website"},"datePublished":"2019-03-11T21:44:33+00:00","dateModified":"2019-03-12T02:00:09+00:00","description":"D\u00e9couvrez pourquoi Chaz Consultants est la meilleure entreprise pour r\u00e9pondre aux besoins d'impression et de promotion de votre entreprise.","breadcrumb":{"@id":"https:\/\/www.chazconsultants.com\/fr\/pourquoi\/#breadcrumb"},"inLanguage":"fr-FR","potentialAction":[{"@type":"ReadAction","target":["https:\/\/www.chazconsultants.com\/fr\/pourquoi\/"]}]},{"@type":"BreadcrumbList","@id":"https:\/\/www.chazconsultants.com\/fr\/pourquoi\/#breadcrumb","itemListElement":[{"@type":"ListItem","position":1,"name":"Home","item":"https:\/\/www.chazconsultants.com\/fr\/"},{"@type":"ListItem","position":2,"name":"Pourquoi choisir Chaz Consultants?"}]}]}},"_links":{"self":[{"href":"https:\/\/www.chazconsultants.com\/fr\/wp-json\/wp\/v2\/pages\/395\/"}],"collection":[{"href":"https:\/\/www.chazconsultants.com\/fr\/wp-json\/wp\/v2\/pages\/"}],"about":[{"href":"https:\/\/www.chazconsultants.com\/fr\/wp-json\/wp\/v2\/types\/page\/"}],"author":[{"embeddable":true,"href":"https:\/\/www.chazconsultants.com\/fr\/wp-json\/wp\/v2\/users\/1\/"}],"replies":[{"embeddable":true,"href":"https:\/\/www.chazconsultants.com\/fr\/wp-json\/wp\/v2\/comments\/?post=395"}],"version-history":[{"count":2,"href":"https:\/\/www.chazconsultants.com\/fr\/wp-json\/wp\/v2\/pages\/395\/revisions\/"}],"predecessor-version":[{"id":422,"href":"https:\/\/www.chazconsultants.com\/fr\/wp-json\/wp\/v2\/pages\/395\/revisions\/422\/"}],"wp:attachment":[{"href":"https:\/\/www.chazconsultants.com\/fr\/wp-json\/wp\/v2\/media\/?parent=395"}],"curies":[{"name":"wp","href":"https:\/\/api.w.org\/{rel}","templated":true}]}}